{"id":7137,"date":"2022-09-16T12:30:28","date_gmt":"2022-09-16T12:30:28","guid":{"rendered":"https:\/\/inegolelifsaglik.com\/?page_id=7137"},"modified":"2022-09-24T11:19:29","modified_gmt":"2022-09-24T11:19:29","slug":"evde-enjeksiyon","status":"publish","type":"page","link":"https:\/\/inegolelifsaglik.com\/?page_id=7137","title":{"rendered":"Evde Enjeksiyon"},"content":{"rendered":"<p>[vc_row full_width=&#8221;stretch_row&#8221; full_height=&#8221;yes&#8221; css=&#8221;.vc_custom_1663331750881{margin-top: -40px !important;margin-bottom: -40px !important;background-color: #ffffff !important;}&#8221; woodmart_css_id=&#8221;63246d9ea538c&#8221; responsive_spacing=&#8221;eyJwYXJhbV90eXBlIjoid29vZG1hcnRfcmVzcG9uc2l2ZV9zcGFjaW5nIiwic2VsZWN0b3JfaWQiOiI2MzI0NmQ5ZWE1MzhjIiwic2hvcnRjb2RlIjoidmNfcm93IiwiZGF0YSI6eyJ0YWJsZXQiOnt9LCJtb2JpbGUiOnt9fX0=&#8221; mobile_bg_img_hidden=&#8221;no&#8221; tablet_bg_img_hidden=&#8221;no&#8221; woodmart_parallax=&#8221;0&#8243; woodmart_gradient_switch=&#8221;no&#8221; woodmart_box_shadow=&#8221;no&#8221; wd_z_index=&#8221;no&#8221; woodmart_disable_overflow=&#8221;0&#8243; row_reverse_mobile=&#8221;0&#8243; row_reverse_tablet=&#8221;0&#8243;][vc_column][vc_column_text woodmart_inline=&#8221;no&#8221; text_larger=&#8221;no&#8221;]<\/p>\n<h3 class=\"post-title\" style=\"text-align: center;\">Evde Enjeksiyon<\/h3>\n<p style=\"text-align: center;\"><strong>Evde enjeksiyon<\/strong>; evden \u00e7\u0131kamayan ya\u015fl\u0131lar\u0131m\u0131z i\u00e7in, hastaneye gelme imkan\u0131 k\u0131s\u0131tl\u0131 olan veya artan covid-19 salg\u0131n\u0131ndan dolay\u0131 evden \u00e7\u0131kma konusunda tedirgin hastalar\u0131m\u0131z i\u00e7in vermi\u015f oldu\u011fumuz bir sa\u011fl\u0131k hizmetir.<\/p>\n<p style=\"text-align: center;\"><strong>EVDE ENJEKS\u0130YON T\u00dcRLER\u0130<\/strong><\/p>\n<ul style=\"text-align: center;\">\n<li>Deri Alt\u0131 Enjeksiyon<\/li>\n<li>Adele \u0130\u00e7ine Enjeksiyon<\/li>\n<li>Damar \u0130\u00e7ine Enjeksiyon<\/li>\n<li>Cilt Alt\u0131 Enjeksiyon<\/li>\n<\/ul>\n<p style=\"text-align: center;\"><strong>EVDE ENJEKS\u0130YON H\u0130ZMET\u0130<\/strong><\/p>\n<p style=\"text-align: center;\"><strong>Evde enjeksiyon hizmeti,\u00a0<\/strong>hastaneye gitmeden ayn\u0131 hastanedeymi\u015f gibi ayn\u0131 hizmeti alma i\u015flemidir. G\u00fcler y\u00fczl\u00fc ve i\u015finde uzman Elif Sa\u011fl\u0131k Kabini ekimizle g\u00f6n\u00fcl rahatl\u0131\u011f\u0131yla bu sa\u011fl\u0131k uygulamam\u0131zdan faydalanabilirsiniz.<\/p>\n<p style=\"text-align: center;\"><strong>EVDE \u0130\u011eNE YAPTIRMAK<\/strong><\/p>\n<p style=\"text-align: center;\"><strong>Evde i\u011fne yapt\u0131rmak<\/strong>, \u00f6zellikle devaml\u0131 i\u011fne yapt\u0131rma ihtiyac\u0131 olan hastalar\u0131m\u0131z i\u00e7in ka\u00e7\u0131r\u0131lmaz f\u0131rsatt\u0131r. Hem g\u00fcnl\u00fck i\u015flerine devam ederken her g\u00fcn hastaneye gitmek istemeyen ya da vakti olmayanlar i\u00e7in sizin belirtti\u011finiz saatlerde evde i\u011fne olabilirsiniz.<\/p>\n<p style=\"text-align: center;\"><strong>EVDE ENJEKS\u0130YON F\u0130YATLARI<\/strong><\/p>\n<p style=\"text-align: center;\"><strong>Evde enjeksiyon fiyatlar\u0131<\/strong>her b\u00fct\u00e7eye uygundur. Verdi\u011finiz paran\u0131n kar\u015f\u0131l\u0131\u011f\u0131n\u0131 sonuna kadar hizmet olarak alabilece\u011finiz Elif\u00a0 Sa\u011fl\u0131k Kabinin evde enjeksiyon uygulamas\u0131 i\u00e7in sitemizi ziyaret etmenizi \u00f6neririz.<\/p>\n<p>[\/vc_column_text][\/vc_column][\/vc_row]<\/p>\n","protected":false},"excerpt":{"rendered":"<p>[vc_row full_width=&#8221;stretch_row&#8221; full_height=&#8221;yes&#8221; css=&#8221;.vc_custom_1663331750881{margin-top: -40px !important;margin-bottom: -40px !important;background-color: #ffffff !important;}&#8221; woodmart_css_id=&#8221;63246d9ea538c&#8221; responsive_spacing=&#8221;eyJwYXJhbV90eXBlIjoid29vZG1hcnRfcmVzcG9uc2l2ZV9zcGFjaW5nIiwic2VsZWN0b3JfaWQiOiI2MzI0NmQ5ZWE1MzhjIiwic2hvcnRjb2RlIjoidmNfcm93IiwiZGF0YSI6eyJ0YWJsZXQiOnt9LCJtb2JpbGUiOnt9fX0=&#8221; mobile_bg_img_hidden=&#8221;no&#8221; tablet_bg_img_hidden=&#8221;no&#8221; woodmart_parallax=&#8221;0&#8243; woodmart_gradient_switch=&#8221;no&#8221; woodmart_box_shadow=&#8221;no&#8221; wd_z_index=&#8221;no&#8221; woodmart_disable_overflow=&#8221;0&#8243; row_reverse_mobile=&#8221;0&#8243;<\/p>\n","protected":false},"author":1,"featured_media":0,"parent":0,"menu_order":0,"comment_status":"closed","ping_status":"closed","template":"","meta":{"footnotes":""},"class_list":["post-7137","page","type-page","status-publish","hentry"],"_links":{"self":[{"href":"https:\/\/inegolelifsaglik.com\/index.php?rest_route=\/wp\/v2\/pages\/7137","targetHints":{"allow":["GET"]}}],"collection":[{"href":"https:\/\/inegolelifsaglik.com\/index.php?rest_route=\/wp\/v2\/pages"}],"about":[{"href":"https:\/\/inegolelifsaglik.com\/index.php?rest_route=\/wp\/v2\/types\/page"}],"author":[{"embeddable":true,"href":"https:\/\/inegolelifsaglik.com\/index.php?rest_route=\/wp\/v2\/users\/1"}],"replies":[{"embeddable":true,"href":"https:\/\/inegolelifsaglik.com\/index.php?rest_route=%2Fwp%2Fv2%2Fcomments&post=7137"}],"version-history":[{"count":6,"href":"https:\/\/inegolelifsaglik.com\/index.php?rest_route=\/wp\/v2\/pages\/7137\/revisions"}],"predecessor-version":[{"id":7236,"href":"https:\/\/inegolelifsaglik.com\/index.php?rest_route=\/wp\/v2\/pages\/7137\/revisions\/7236"}],"wp:attachment":[{"href":"https:\/\/inegolelifsaglik.com\/index.php?rest_route=%2Fwp%2Fv2%2Fmedia&parent=7137"}],"curies":[{"name":"wp","href":"https:\/\/api.w.org\/{rel}","templated":true}]}}