{"id":7146,"date":"2022-09-16T12:46:33","date_gmt":"2022-09-16T12:46:33","guid":{"rendered":"https:\/\/inegolelifsaglik.com\/?page_id=7146"},"modified":"2022-09-16T12:47:06","modified_gmt":"2022-09-16T12:47:06","slug":"kan-tahlili","status":"publish","type":"page","link":"https:\/\/inegolelifsaglik.com\/?page_id=7146","title":{"rendered":"Kan tahlili"},"content":{"rendered":"<p>[vc_row full_width=&#8221;stretch_row&#8221; full_height=&#8221;yes&#8221; css=&#8221;.vc_custom_1663331750881{margin-top: -40px !important;margin-bottom: -40px !important;background-color: #ffffff !important;}&#8221; woodmart_css_id=&#8221;63246d9ea538c&#8221; responsive_spacing=&#8221;eyJwYXJhbV90eXBlIjoid29vZG1hcnRfcmVzcG9uc2l2ZV9zcGFjaW5nIiwic2VsZWN0b3JfaWQiOiI2MzI0NmQ5ZWE1MzhjIiwic2hvcnRjb2RlIjoidmNfcm93IiwiZGF0YSI6eyJ0YWJsZXQiOnt9LCJtb2JpbGUiOnt9fX0=&#8221; mobile_bg_img_hidden=&#8221;no&#8221; tablet_bg_img_hidden=&#8221;no&#8221; woodmart_parallax=&#8221;0&#8243; woodmart_gradient_switch=&#8221;no&#8221; woodmart_box_shadow=&#8221;no&#8221; wd_z_index=&#8221;no&#8221; woodmart_disable_overflow=&#8221;0&#8243; row_reverse_mobile=&#8221;0&#8243; row_reverse_tablet=&#8221;0&#8243;][vc_column][vc_column_text woodmart_inline=&#8221;no&#8221; text_larger=&#8221;no&#8221;]<\/p>\n<h3 class=\"post-title\" style=\"text-align: center;\">Kan tahlili<\/h3>\n<p style=\"text-align: center;\"><strong>Evde kan tahlili ,\u00a0<\/strong>vucutta bulunan de\u011ferlerin ,\u015feker ve kolesterol gibi hastal\u0131klar\u0131n erken te\u015fhis koymak i\u00e7in son derecede \u00f6nemli bir uygulamad\u0131r.<\/p>\n<p style=\"text-align: center;\"><strong>KAN TAHL\u0130L\u0130 \u00c7E\u015e\u0130TLER\u0130<\/strong><\/p>\n<ul style=\"text-align: center;\">\n<li>Hematoloji kan tahlilleri<\/li>\n<li>Biyokimya tahlilleri<\/li>\n<li>Kan p\u0131ht\u0131la\u015fma tahlilleri<\/li>\n<li>Hormon tahlilleri<\/li>\n<li>T\u00fcm\u00f6rlerin belirlenmesi i\u00e7in yap\u0131lan tahliller<\/li>\n<li>Hepatit tahlilleri<\/li>\n<li>\u0130mm\u00fcnoloji tahlilleri<\/li>\n<\/ul>\n<p style=\"text-align: center;\"><strong>EVDE KAN TEST\u0130<\/strong><br \/>\n<strong>Evde kan testi ,\u00a0<\/strong>vitamin d\u00fczeyi,\u015feker ,kolesterol d\u00fczeyi,p\u0131ht\u0131la\u015fma bozuklu\u011fu , kalp ve enzim de\u011ferleri ,b\u00f6brek \u00fcst\u00fc bezler ve idrar yollar\u0131ndaki mikroorganizma de\u011ferleri gibi hayat\u0131m\u0131z\u0131 \u00f6nemli derecede etkilicek fakt\u00f6rleri\u00a0 ortaya \u00e7\u0131kartmak i\u00e7in kullan\u0131n kan testini <strong>EL\u0130F <\/strong><strong>SA\u011eLIK KAB\u0130N\u0130 <\/strong>personelleri olarak hastane ve labaratuvarlara siz gelmeden, biz sizlere misafir olarak erken te\u015fhisleri koymak istiyoruz. 1 saat i\u00e7in de numuneleri hastaneye teslim ederek size sonu\u00e7lanmas\u0131n\u0131 sa\u011flamaktay\u0131z.<\/p>\n<p style=\"text-align: center;\"><strong>EVDE KAN TAHL\u0130L\u0130 H\u0130ZMET\u0130<\/strong><\/p>\n<p style=\"text-align: center;\"><strong>Evde kan tahlili hizmeti, EL\u0130F SA\u011eLIK KAB\u0130N\u0130 <\/strong>uzman personellerimiz ile sizlere misafirli\u011fe gelip t\u00fcm rahats\u0131zl\u0131lar\u0131n\u0131z\u0131 tedavi etmek i\u00e7in kan tahlillerinizi evinizde yap\u0131yoruz. B\u00f6ylelikle sizlerin hastaneler de ,yollar da zaman kay\u0131p etmenizi istemiyoruz. 1 saat i\u00e7inde t\u00fcm sonu\u00e7lar\u0131 sizlere aktar\u0131yoruz.<\/p>\n<p style=\"text-align: center;\"><strong>EVDE KAN ALMA \u00dcCRET\u0130<\/strong><\/p>\n<p style=\"text-align: center;\"><strong>Evde kan alma \u00fccreti,\u00a0<\/strong>daha konforlu tedaviler i\u00e7in ve kendi eviniz de hi\u00e7 bir zorluk ya\u015famadan tedavi g\u00f6rebilmeniz i\u00e7in uzman kadromuzu daha yak\u0131ndan tan\u0131yabilmek ve detayl\u0131 bilgiler i\u00e7in sitemize gelmenizi\u00a0<strong>EL\u0130F SA\u011eLIK KAB\u0130N\u0130 <\/strong>olarak tavsiye ederiz<\/p>\n<p>[\/vc_column_text][\/vc_column][\/vc_row]<\/p>\n","protected":false},"excerpt":{"rendered":"<p>[vc_row full_width=&#8221;stretch_row&#8221; full_height=&#8221;yes&#8221; css=&#8221;.vc_custom_1663331750881{margin-top: -40px !important;margin-bottom: -40px !important;background-color: #ffffff !important;}&#8221; woodmart_css_id=&#8221;63246d9ea538c&#8221; responsive_spacing=&#8221;eyJwYXJhbV90eXBlIjoid29vZG1hcnRfcmVzcG9uc2l2ZV9zcGFjaW5nIiwic2VsZWN0b3JfaWQiOiI2MzI0NmQ5ZWE1MzhjIiwic2hvcnRjb2RlIjoidmNfcm93IiwiZGF0YSI6eyJ0YWJsZXQiOnt9LCJtb2JpbGUiOnt9fX0=&#8221; mobile_bg_img_hidden=&#8221;no&#8221; tablet_bg_img_hidden=&#8221;no&#8221; woodmart_parallax=&#8221;0&#8243; woodmart_gradient_switch=&#8221;no&#8221; woodmart_box_shadow=&#8221;no&#8221; wd_z_index=&#8221;no&#8221; woodmart_disable_overflow=&#8221;0&#8243; row_reverse_mobile=&#8221;0&#8243;<\/p>\n","protected":false},"author":1,"featured_media":0,"parent":0,"menu_order":0,"comment_status":"closed","ping_status":"closed","template":"","meta":{"footnotes":""},"class_list":["post-7146","page","type-page","status-publish","hentry"],"_links":{"self":[{"href":"https:\/\/inegolelifsaglik.com\/index.php?rest_route=\/wp\/v2\/pages\/7146","targetHints":{"allow":["GET"]}}],"collection":[{"href":"https:\/\/inegolelifsaglik.com\/index.php?rest_route=\/wp\/v2\/pages"}],"about":[{"href":"https:\/\/inegolelifsaglik.com\/index.php?rest_route=\/wp\/v2\/types\/page"}],"author":[{"embeddable":true,"href":"https:\/\/inegolelifsaglik.com\/index.php?rest_route=\/wp\/v2\/users\/1"}],"replies":[{"embeddable":true,"href":"https:\/\/inegolelifsaglik.com\/index.php?rest_route=%2Fwp%2Fv2%2Fcomments&post=7146"}],"version-history":[{"count":2,"href":"https:\/\/inegolelifsaglik.com\/index.php?rest_route=\/wp\/v2\/pages\/7146\/revisions"}],"predecessor-version":[{"id":7148,"href":"https:\/\/inegolelifsaglik.com\/index.php?rest_route=\/wp\/v2\/pages\/7146\/revisions\/7148"}],"wp:attachment":[{"href":"https:\/\/inegolelifsaglik.com\/index.php?rest_route=%2Fwp%2Fv2%2Fmedia&parent=7146"}],"curies":[{"name":"wp","href":"https:\/\/api.w.org\/{rel}","templated":true}]}}