{"id":7150,"date":"2022-09-16T12:50:41","date_gmt":"2022-09-16T12:50:41","guid":{"rendered":"https:\/\/inegolelifsaglik.com\/?page_id=7150"},"modified":"2022-09-24T11:41:22","modified_gmt":"2022-09-24T11:41:22","slug":"evde-hemsirelik-hizmetleri","status":"publish","type":"page","link":"https:\/\/inegolelifsaglik.com\/?page_id=7150","title":{"rendered":"Evde Hem\u015firelik Hizmetleri"},"content":{"rendered":"<p>[vc_row full_width=&#8221;stretch_row&#8221; full_height=&#8221;yes&#8221; css=&#8221;.vc_custom_1663331750881{margin-top: -40px !important;margin-bottom: -40px !important;background-color: #ffffff !important;}&#8221; woodmart_css_id=&#8221;63246d9ea538c&#8221; responsive_spacing=&#8221;eyJwYXJhbV90eXBlIjoid29vZG1hcnRfcmVzcG9uc2l2ZV9zcGFjaW5nIiwic2VsZWN0b3JfaWQiOiI2MzI0NmQ5ZWE1MzhjIiwic2hvcnRjb2RlIjoidmNfcm93IiwiZGF0YSI6eyJ0YWJsZXQiOnt9LCJtb2JpbGUiOnt9fX0=&#8221; mobile_bg_img_hidden=&#8221;no&#8221; tablet_bg_img_hidden=&#8221;no&#8221; woodmart_parallax=&#8221;0&#8243; woodmart_gradient_switch=&#8221;no&#8221; woodmart_box_shadow=&#8221;no&#8221; wd_z_index=&#8221;no&#8221; woodmart_disable_overflow=&#8221;0&#8243; row_reverse_mobile=&#8221;0&#8243; row_reverse_tablet=&#8221;0&#8243;][vc_column][vc_column_text woodmart_inline=&#8221;no&#8221; text_larger=&#8221;no&#8221;]<\/p>\n<div class=\"dlab-post-title \">\n<h3 class=\"post-title\" style=\"text-align: center;\">Evde Hem\u015firelik Hizmetleri<\/h3>\n<\/div>\n<div class=\"dlab-post-text\">\n<p style=\"text-align: center;\"><strong>Evde hem\u015fire,\u00a0<\/strong>evde tedavi g\u00f6rmek isteyen veya yol s\u0131k\u0131nt\u0131s\u0131 \u00e7eken , fiziksel olarak yata\u011fa ba\u011fl\u0131 hasatalar\u0131m\u0131z i\u00e7in evde hem\u015fire hizmetlerimizi sunuyoruz .\u00a0 <strong>EL\u0130F <\/strong><strong>SA\u011eLIK KAB\u0130N\u0130 <\/strong>uzman hem\u015firelerimiz ile size hizmet vermekten mutluluk duyar\u0131z.<\/p>\n<p style=\"text-align: center;\"><strong>EVDE HEM\u015e\u0130REL\u0130K H\u0130ZMETLER\u0130<\/strong><\/p>\n<ul style=\"text-align: center;\">\n<li>\u00d6rnek alma<\/li>\n<li>Serum takma<\/li>\n<li>Enjeksiyon<\/li>\n<li>Yara bak\u0131m\u0131<\/li>\n<li>\u0130drar sondas\u0131 i\u015flemleri<\/li>\n<li>S\u00fct\u00fcr alma<\/li>\n<li>Damar yolu i\u015flemleri<\/li>\n<li>\u0130nf\u00fczyon uygulamalar\u0131<\/li>\n<li>Peg bak\u0131m\u0131<\/li>\n<\/ul>\n<p style=\"text-align: center;\"><strong>EVDE BAKIM HEM\u015e\u0130RES\u0130<\/strong><\/p>\n<p style=\"text-align: center;\"><strong>Evde bak\u0131m hem\u015firesi ,\u00a0<\/strong>size , sizin eviniz de steril ortamlar\u0131 haz\u0131rlayarak ,gerekli medikal malzemlerimiz ile doktor ve re\u00e7ete arac\u0131l\u0131\u011f\u0131yla hizmet vermekteyiz.\u00a0<strong>EL\u0130F SA\u011eLIK KAB\u0130N\u0130 <\/strong>personelleri sizin i\u00e7in , size misafir oluyor ve doktor ,hem\u015fire e\u015fli\u011finde tedavileriniz yap\u0131l\u0131yor . Zamandan tasarruf ederek , rahat bir \u015fekil de eviniz de hizmet al\u0131yorsunuz. <strong>EL\u0130F <\/strong><strong>SA\u011eLIK KAB\u0130N\u0130 <\/strong>personelleri olarak ihtiyac\u0131n\u0131z oldu\u011fu takdirde her zaman yan\u0131n\u0131zday\u0131z.<\/p>\n<p style=\"text-align: center;\"><strong>EVDE HEM\u015e\u0130RE H\u0130ZMET\u0130<\/strong><\/p>\n<p style=\"text-align: center;\"><strong>Evde hem\u015fire hizmeti , EL\u0130F <\/strong><strong>SA\u011eLIK KAB\u0130N\u0130\u00a0<\/strong>uzmandoktorlar\u0131 ve hem\u015fireleri olarak<strong>\u00a0,<\/strong>\u00a0evde en iyi \u015fekilde tedavi edilmeniz i\u00e7in gerekli t\u00fcm medikal \u00f6nlemleri alarak size ve ailenize t\u00fcm kolayl\u0131klar\u0131 sa\u011fl\u0131yarak , size konforlu bir tedavi hizmeti sunuyoruz.<\/p>\n<p style=\"text-align: center;\"><strong>EVDE \u00d6ZEL HEM\u015e\u0130RE F\u0130YATLARI<\/strong><\/p>\n<p style=\"text-align: center;\"><strong>Evde \u00f6zel hem\u015fire f\u0131yatlar\u0131 ,\u00a0<\/strong>daha konforlu tedaviler i\u00e7in ve kendi eviniz de hi\u00e7 bir zorluk ya\u015famadan tedavi g\u00f6rebilmeniz i\u00e7in uzman kadromuzu daha yak\u0131ndan tan\u0131yabilmek ve detayl\u0131 bilgiler i\u00e7in sitemize gelmenizi\u00a0<strong>EL\u0130F SA\u011eLIK KAB\u0130N\u0130 <\/strong>olarak tavsiye ederiz.<\/p>\n<\/div>\n<p>[\/vc_column_text][\/vc_column][\/vc_row]<\/p>\n","protected":false},"excerpt":{"rendered":"<p>[vc_row full_width=&#8221;stretch_row&#8221; full_height=&#8221;yes&#8221; css=&#8221;.vc_custom_1663331750881{margin-top: -40px !important;margin-bottom: -40px !important;background-color: #ffffff !important;}&#8221; woodmart_css_id=&#8221;63246d9ea538c&#8221; responsive_spacing=&#8221;eyJwYXJhbV90eXBlIjoid29vZG1hcnRfcmVzcG9uc2l2ZV9zcGFjaW5nIiwic2VsZWN0b3JfaWQiOiI2MzI0NmQ5ZWE1MzhjIiwic2hvcnRjb2RlIjoidmNfcm93IiwiZGF0YSI6eyJ0YWJsZXQiOnt9LCJtb2JpbGUiOnt9fX0=&#8221; mobile_bg_img_hidden=&#8221;no&#8221; tablet_bg_img_hidden=&#8221;no&#8221; woodmart_parallax=&#8221;0&#8243; woodmart_gradient_switch=&#8221;no&#8221; woodmart_box_shadow=&#8221;no&#8221; wd_z_index=&#8221;no&#8221; woodmart_disable_overflow=&#8221;0&#8243; row_reverse_mobile=&#8221;0&#8243;<\/p>\n","protected":false},"author":1,"featured_media":0,"parent":0,"menu_order":0,"comment_status":"closed","ping_status":"closed","template":"","meta":{"footnotes":""},"class_list":["post-7150","page","type-page","status-publish","hentry"],"_links":{"self":[{"href":"https:\/\/inegolelifsaglik.com\/index.php?rest_route=\/wp\/v2\/pages\/7150","targetHints":{"allow":["GET"]}}],"collection":[{"href":"https:\/\/inegolelifsaglik.com\/index.php?rest_route=\/wp\/v2\/pages"}],"about":[{"href":"https:\/\/inegolelifsaglik.com\/index.php?rest_route=\/wp\/v2\/types\/page"}],"author":[{"embeddable":true,"href":"https:\/\/inegolelifsaglik.com\/index.php?rest_route=\/wp\/v2\/users\/1"}],"replies":[{"embeddable":true,"href":"https:\/\/inegolelifsaglik.com\/index.php?rest_route=%2Fwp%2Fv2%2Fcomments&post=7150"}],"version-history":[{"count":1,"href":"https:\/\/inegolelifsaglik.com\/index.php?rest_route=\/wp\/v2\/pages\/7150\/revisions"}],"predecessor-version":[{"id":7151,"href":"https:\/\/inegolelifsaglik.com\/index.php?rest_route=\/wp\/v2\/pages\/7150\/revisions\/7151"}],"wp:attachment":[{"href":"https:\/\/inegolelifsaglik.com\/index.php?rest_route=%2Fwp%2Fv2%2Fmedia&parent=7150"}],"curies":[{"name":"wp","href":"https:\/\/api.w.org\/{rel}","templated":true}]}}