{"id":7156,"date":"2022-09-16T13:16:14","date_gmt":"2022-09-16T13:16:14","guid":{"rendered":"https:\/\/inegolelifsaglik.com\/?page_id=7156"},"modified":"2022-09-16T13:16:14","modified_gmt":"2022-09-16T13:16:14","slug":"evde-serum","status":"publish","type":"page","link":"https:\/\/inegolelifsaglik.com\/?page_id=7156","title":{"rendered":"Evde Serum"},"content":{"rendered":"<p>[vc_row full_width=&#8221;stretch_row&#8221; full_height=&#8221;yes&#8221; css=&#8221;.vc_custom_1663331750881{margin-top: -40px !important;margin-bottom: -40px !important;background-color: #ffffff !important;}&#8221; woodmart_css_id=&#8221;63246d9ea538c&#8221; responsive_spacing=&#8221;eyJwYXJhbV90eXBlIjoid29vZG1hcnRfcmVzcG9uc2l2ZV9zcGFjaW5nIiwic2VsZWN0b3JfaWQiOiI2MzI0NmQ5ZWE1MzhjIiwic2hvcnRjb2RlIjoidmNfcm93IiwiZGF0YSI6eyJ0YWJsZXQiOnt9LCJtb2JpbGUiOnt9fX0=&#8221; mobile_bg_img_hidden=&#8221;no&#8221; tablet_bg_img_hidden=&#8221;no&#8221; woodmart_parallax=&#8221;0&#8243; woodmart_gradient_switch=&#8221;no&#8221; woodmart_box_shadow=&#8221;no&#8221; wd_z_index=&#8221;no&#8221; woodmart_disable_overflow=&#8221;0&#8243; row_reverse_mobile=&#8221;0&#8243; row_reverse_tablet=&#8221;0&#8243;][vc_column][vc_column_text woodmart_inline=&#8221;no&#8221; text_larger=&#8221;no&#8221;]<\/p>\n<div class=\"dlab-post-title \">\n<div class=\"dlab-post-title \">\n<h3 class=\"post-title\" style=\"text-align: center;\">Evde Serum<\/h3>\n<\/div>\n<div class=\"dlab-post-text\" style=\"text-align: center;\">\n<p><strong>Evde serum,<\/strong>psikolojik ve konfor olarak daha edebilmeniz i\u00e7in uygulanan bir sistemdir.Serum takma kendinizi k\u00f6t\u00fc hissetti\u011finizde eski halinize gelmeniz i\u00e7in uygulanan bir y\u00f6ntemdir . Vucuttaki s\u0131v\u0131 dengesini bozuldu\u011funda ,dengenin toparlanmas\u0131 i\u00e7in mevcut hastal\u0131klarda ilac\u0131n daha h\u0131zl\u0131 etki etmesi i\u00e7in kullan\u0131l\u0131r.<\/p>\n<p><strong>SERUM \u00c7E\u015e\u0130TLER\u0130<\/strong><\/p>\n<ul>\n<li>Temel Sol\u00fcsyonlar<\/li>\n<li>Mult\u0131pl Elektrolit Sol\u00fcsyonlar\u0131<\/li>\n<li>Plazma Hacim Tamamlay\u0131c\u0131 Sol\u00fcsyonlar<\/li>\n<li>\u0130rrigasyon Sol\u00fcsyonlar\u0131<\/li>\n<li>Premiks \u00dcr\u00fcnler<\/li>\n<li>Parenteral Sol\u00fcsyon<\/li>\n<\/ul>\n<p><strong>EVDE SERUM H\u0130ZMET\u0130<\/strong><\/p>\n<p><strong>Evde serum hizmeti,\u00a0<\/strong>kendinizi k\u00f6t\u00fc hissetti\u011finiz ve s\u0131v\u0131 kayb\u0131 ya\u015fad\u0131\u011f\u0131n\u0131z zaman sizi yormadan uzman sa\u011fl\u0131k ekiplermiz ile eviniz de sizi ziyaret ediyoruz ve <strong>EL\u0130F <\/strong><strong>SA\u011eLIK KAB\u0130N\u0130<\/strong>olarak bu hizmeti doktorlar\u0131n verdi\u011fi ila\u00e7 ve re\u00e7eteyi uygulayarak evinizde daha rahat ve konforunuzu bozmadan sizi tedavi ediyoruz.<\/p>\n<p><strong>EVDE SERUM TAKMA<\/strong><\/p>\n<p><strong>Evde serum takma, EL\u0130F SA\u011eLIK KAB\u0130N\u0130<\/strong>uzman personelleri olarak sizi\u00a0 ve ailenizi zaman,konfor ve hastane psikolojisinden kurtararak gerekli tedbirleri alarak ,steril ortamlar\u0131 sa\u011flay\u0131p eviniz de bu hizmeti sa\u011fl\u0131yoruz.<\/p>\n<p><strong>EVDE SERUM NASIL TAKILIR<\/strong><\/p>\n<p><strong>Evde serum nas\u0131l tak\u0131l\u0131r,<\/strong>gerekli steril ko\u015fullar\u0131 sizin eviniz de sa\u011flad\u0131ktan sonra ,hastan\u0131n koluna turnike ba\u011flan\u0131r ve i\u011fnenin girece\u011fi yer antiseptikli pamuk ile silinir. Damara girilidkten sonra ,kan geldi\u011fi g\u00f6r\u00fcld\u00fc\u011f\u00fcn de i\u011fne geri \u00e7ekilir ve \u00e7\u0131kar\u0131l\u0131r. Plastik k\u0131s\u0131m damar i\u00e7in de dikkatli bir \u015fekil de itilerek b\u0131rak\u0131l\u0131r. Hastane ko\u015fullar\u0131n da g\u00f6rd\u00fc\u011f\u00fcn\u00fcz sistemin birebir ayn\u0131s\u0131 , bizim size sa\u011flad\u0131\u011f\u0131m\u0131z avantaj siz bize de\u011fil\u00a0<strong>EL\u0130F SA\u011eLIK KAB\u0130N\u0130<\/strong>personelleri olarak bizsize misafir oluyoruz.<\/p>\n<p><strong>EVDE SERUM TAKMA F\u0130YATI<\/strong><\/p>\n<p><strong>Evde serum takma fiyat\u0131,\u00a0<\/strong>daha konforlu tedaviler i\u00e7in ve kendi eviniz de hi\u00e7 bir zorluk ya\u015famadan tedavi g\u00f6rebilmeniz i\u00e7in uzman kadromuzu daha yak\u0131ndan tan\u0131yabilmek ve detayl\u0131 bilgiler i\u00e7in sitemize gelmenizi <strong>EL\u0130F <\/strong><strong>SA\u011eLIK KAB\u0130N\u0130\u00a0<\/strong>olarak tavsiye ederiz.<\/p>\n<\/div>\n<\/div>\n<p>[\/vc_column_text][\/vc_column][\/vc_row]<\/p>\n","protected":false},"excerpt":{"rendered":"<p>[vc_row full_width=&#8221;stretch_row&#8221; full_height=&#8221;yes&#8221; css=&#8221;.vc_custom_1663331750881{margin-top: -40px !important;margin-bottom: -40px !important;background-color: #ffffff !important;}&#8221; woodmart_css_id=&#8221;63246d9ea538c&#8221; responsive_spacing=&#8221;eyJwYXJhbV90eXBlIjoid29vZG1hcnRfcmVzcG9uc2l2ZV9zcGFjaW5nIiwic2VsZWN0b3JfaWQiOiI2MzI0NmQ5ZWE1MzhjIiwic2hvcnRjb2RlIjoidmNfcm93IiwiZGF0YSI6eyJ0YWJsZXQiOnt9LCJtb2JpbGUiOnt9fX0=&#8221; mobile_bg_img_hidden=&#8221;no&#8221; tablet_bg_img_hidden=&#8221;no&#8221; woodmart_parallax=&#8221;0&#8243; woodmart_gradient_switch=&#8221;no&#8221; woodmart_box_shadow=&#8221;no&#8221; wd_z_index=&#8221;no&#8221; woodmart_disable_overflow=&#8221;0&#8243; row_reverse_mobile=&#8221;0&#8243;<\/p>\n","protected":false},"author":1,"featured_media":0,"parent":0,"menu_order":0,"comment_status":"closed","ping_status":"closed","template":"","meta":{"footnotes":""},"class_list":["post-7156","page","type-page","status-publish","hentry"],"_links":{"self":[{"href":"https:\/\/inegolelifsaglik.com\/index.php?rest_route=\/wp\/v2\/pages\/7156","targetHints":{"allow":["GET"]}}],"collection":[{"href":"https:\/\/inegolelifsaglik.com\/index.php?rest_route=\/wp\/v2\/pages"}],"about":[{"href":"https:\/\/inegolelifsaglik.com\/index.php?rest_route=\/wp\/v2\/types\/page"}],"author":[{"embeddable":true,"href":"https:\/\/inegolelifsaglik.com\/index.php?rest_route=\/wp\/v2\/users\/1"}],"replies":[{"embeddable":true,"href":"https:\/\/inegolelifsaglik.com\/index.php?rest_route=%2Fwp%2Fv2%2Fcomments&post=7156"}],"version-history":[{"count":1,"href":"https:\/\/inegolelifsaglik.com\/index.php?rest_route=\/wp\/v2\/pages\/7156\/revisions"}],"predecessor-version":[{"id":7157,"href":"https:\/\/inegolelifsaglik.com\/index.php?rest_route=\/wp\/v2\/pages\/7156\/revisions\/7157"}],"wp:attachment":[{"href":"https:\/\/inegolelifsaglik.com\/index.php?rest_route=%2Fwp%2Fv2%2Fmedia&parent=7156"}],"curies":[{"name":"wp","href":"https:\/\/api.w.org\/{rel}","templated":true}]}}