{"id":7158,"date":"2022-09-16T13:17:56","date_gmt":"2022-09-16T13:17:56","guid":{"rendered":"https:\/\/inegolelifsaglik.com\/?page_id=7158"},"modified":"2022-09-24T11:36:59","modified_gmt":"2022-09-24T11:36:59","slug":"evde-saglik","status":"publish","type":"page","link":"https:\/\/inegolelifsaglik.com\/?page_id=7158","title":{"rendered":"Evde Sa\u011fl\u0131k"},"content":{"rendered":"<p>[vc_row full_width=&#8221;stretch_row&#8221; full_height=&#8221;yes&#8221; css=&#8221;.vc_custom_1663331750881{margin-top: -40px !important;margin-bottom: -40px !important;background-color: #ffffff !important;}&#8221; woodmart_css_id=&#8221;63246d9ea538c&#8221; responsive_spacing=&#8221;eyJwYXJhbV90eXBlIjoid29vZG1hcnRfcmVzcG9uc2l2ZV9zcGFjaW5nIiwic2VsZWN0b3JfaWQiOiI2MzI0NmQ5ZWE1MzhjIiwic2hvcnRjb2RlIjoidmNfcm93IiwiZGF0YSI6eyJ0YWJsZXQiOnt9LCJtb2JpbGUiOnt9fX0=&#8221; mobile_bg_img_hidden=&#8221;no&#8221; tablet_bg_img_hidden=&#8221;no&#8221; woodmart_parallax=&#8221;0&#8243; woodmart_gradient_switch=&#8221;no&#8221; woodmart_box_shadow=&#8221;no&#8221; wd_z_index=&#8221;no&#8221; woodmart_disable_overflow=&#8221;0&#8243; row_reverse_mobile=&#8221;0&#8243; row_reverse_tablet=&#8221;0&#8243;][vc_column][vc_column_text woodmart_inline=&#8221;no&#8221; text_larger=&#8221;no&#8221;]<\/p>\n<div class=\"dlab-post-title \">\n<h3 class=\"post-title\" style=\"text-align: center;\">Evde Sa\u011fl\u0131k<\/h3>\n<\/div>\n<div class=\"dlab-post-text\" style=\"text-align: center;\">\n<p>Bebek, \u00e7ocuk, gebe ve ya\u015fl\u0131lar ba\u015fta olmak \u00fczere merkezimizde verdi\u011fimiz\u00a0<strong>T\u00dcM HEM\u015e\u0130REL\u0130K H\u0130ZMETLER\u0130N\u0130<\/strong>\u00a0hastalar\u0131m\u0131z\u0131n konforu i\u00e7in kendi evlerinde de sunmaktay\u0131z.<\/p>\n<p>Evde Sa\u011fl\u0131k ve Bak\u0131m Hizmetlerimiz:<\/p>\n<ul>\n<li>ENJEKS\u0130YON (\u0130\u011eNE)<\/li>\n<li>\u015eEKER \u00d6L\u00c7\u00dcM\u00dc VE TAK\u0130B\u0130<\/li>\n<li>TANS\u0130YON \u00d6L\u00c7\u00dcM\u00dc VE TAK\u0130B\u0130<\/li>\n<li>PANSUMAN- YARA BAKIMI<\/li>\n<li>SERUM TAKMA<\/li>\n<li>\u0130DRAR SONDASI TAKMA DE\u011e\u0130\u015eT\u0130RME<\/li>\n<li>BESLENME SONDASI TAKMA<\/li>\n<li>A\u011eRISIZ KULAK DELME<\/li>\n<li>KULAK LAVAJI (YIKAMA)<\/li>\n<li>DAMAR YOLU A\u00c7MA<\/li>\n<li>KAN ALMA<\/li>\n<li>KAN GRUBU BAKILMASI<\/li>\n<li>BUHAR\/HAVA UYGULAMASI<\/li>\n<li>AC\u0130L YARDIM UYGULAMALARI<\/li>\n<li>EVDE LAVMAN YAPILMASI<\/li>\n<li>TRAKEOSTOM\u0130 BAKIMI<\/li>\n<li>PEG BAKIMI VE TAK\u0130B\u0130<\/li>\n<li>PALYAT\u0130F HASTA BAKIMI VE TAK\u0130B\u0130<\/li>\n<\/ul>\n<\/div>\n<p>[\/vc_column_text][\/vc_column][\/vc_row]<\/p>\n","protected":false},"excerpt":{"rendered":"<p>[vc_row full_width=&#8221;stretch_row&#8221; full_height=&#8221;yes&#8221; css=&#8221;.vc_custom_1663331750881{margin-top: -40px !important;margin-bottom: -40px !important;background-color: #ffffff !important;}&#8221; woodmart_css_id=&#8221;63246d9ea538c&#8221; responsive_spacing=&#8221;eyJwYXJhbV90eXBlIjoid29vZG1hcnRfcmVzcG9uc2l2ZV9zcGFjaW5nIiwic2VsZWN0b3JfaWQiOiI2MzI0NmQ5ZWE1MzhjIiwic2hvcnRjb2RlIjoidmNfcm93IiwiZGF0YSI6eyJ0YWJsZXQiOnt9LCJtb2JpbGUiOnt9fX0=&#8221; mobile_bg_img_hidden=&#8221;no&#8221; tablet_bg_img_hidden=&#8221;no&#8221; woodmart_parallax=&#8221;0&#8243; woodmart_gradient_switch=&#8221;no&#8221; woodmart_box_shadow=&#8221;no&#8221; wd_z_index=&#8221;no&#8221; woodmart_disable_overflow=&#8221;0&#8243; row_reverse_mobile=&#8221;0&#8243;<\/p>\n","protected":false},"author":1,"featured_media":0,"parent":0,"menu_order":0,"comment_status":"closed","ping_status":"closed","template":"","meta":{"footnotes":""},"class_list":["post-7158","page","type-page","status-publish","hentry"],"_links":{"self":[{"href":"https:\/\/inegolelifsaglik.com\/index.php?rest_route=\/wp\/v2\/pages\/7158","targetHints":{"allow":["GET"]}}],"collection":[{"href":"https:\/\/inegolelifsaglik.com\/index.php?rest_route=\/wp\/v2\/pages"}],"about":[{"href":"https:\/\/inegolelifsaglik.com\/index.php?rest_route=\/wp\/v2\/types\/page"}],"author":[{"embeddable":true,"href":"https:\/\/inegolelifsaglik.com\/index.php?rest_route=\/wp\/v2\/users\/1"}],"replies":[{"embeddable":true,"href":"https:\/\/inegolelifsaglik.com\/index.php?rest_route=%2Fwp%2Fv2%2Fcomments&post=7158"}],"version-history":[{"count":1,"href":"https:\/\/inegolelifsaglik.com\/index.php?rest_route=\/wp\/v2\/pages\/7158\/revisions"}],"predecessor-version":[{"id":7159,"href":"https:\/\/inegolelifsaglik.com\/index.php?rest_route=\/wp\/v2\/pages\/7158\/revisions\/7159"}],"wp:attachment":[{"href":"https:\/\/inegolelifsaglik.com\/index.php?rest_route=%2Fwp%2Fv2%2Fmedia&parent=7158"}],"curies":[{"name":"wp","href":"https:\/\/api.w.org\/{rel}","templated":true}]}}