{"id":7160,"date":"2022-09-16T13:20:54","date_gmt":"2022-09-16T13:20:54","guid":{"rendered":"https:\/\/inegolelifsaglik.com\/?page_id=7160"},"modified":"2022-09-24T11:38:02","modified_gmt":"2022-09-24T11:38:02","slug":"evde-sonda-takma","status":"publish","type":"page","link":"https:\/\/inegolelifsaglik.com\/?page_id=7160","title":{"rendered":"Evde Sonda Takma"},"content":{"rendered":"<p>[vc_row full_width=&#8221;stretch_row&#8221; full_height=&#8221;yes&#8221; css=&#8221;.vc_custom_1663331750881{margin-top: -40px !important;margin-bottom: -40px !important;background-color: #ffffff !important;}&#8221; woodmart_css_id=&#8221;63246d9ea538c&#8221; responsive_spacing=&#8221;eyJwYXJhbV90eXBlIjoid29vZG1hcnRfcmVzcG9uc2l2ZV9zcGFjaW5nIiwic2VsZWN0b3JfaWQiOiI2MzI0NmQ5ZWE1MzhjIiwic2hvcnRjb2RlIjoidmNfcm93IiwiZGF0YSI6eyJ0YWJsZXQiOnt9LCJtb2JpbGUiOnt9fX0=&#8221; mobile_bg_img_hidden=&#8221;no&#8221; tablet_bg_img_hidden=&#8221;no&#8221; woodmart_parallax=&#8221;0&#8243; woodmart_gradient_switch=&#8221;no&#8221; woodmart_box_shadow=&#8221;no&#8221; wd_z_index=&#8221;no&#8221; woodmart_disable_overflow=&#8221;0&#8243; row_reverse_mobile=&#8221;0&#8243; row_reverse_tablet=&#8221;0&#8243;][vc_column][vc_column_text woodmart_inline=&#8221;no&#8221; text_larger=&#8221;no&#8221;]<\/p>\n<div class=\"dlab-post-title \">\n<div class=\"dlab-post-title \">\n<h3 class=\"post-title\" style=\"text-align: center;\">Evde Sonda Takma<\/h3>\n<\/div>\n<div class=\"dlab-post-text\">\n<p style=\"text-align: center;\">Sonda kullan\u0131m amac\u0131na g\u00f6re beslenme sondas\u0131 ve idrar sondas\u0131 olarak ikiye ayr\u0131lm\u0131\u015ft\u0131r.<\/p>\n<p style=\"text-align: center;\">\u0130drar sondas\u0131 yata\u011fa ba\u011f\u0131ml\u0131 olarak ya\u015fayan yada idrar yapma bozuklar\u0131nda mesanenin bo\u015falt\u0131lmas\u0131nda kullan\u0131lan kau\u00e7uk (k\u0131sa s\u00fcreli) ve silikon (uzun s\u00fcreli) dan \u00fcretilen bir meteryaldir.<\/p>\n<p style=\"text-align: center;\">Evde idrar sondas\u0131da di\u011fer giri\u015fimler gibi steril ko\u015fullarda uygulanmas\u0131 gereken \u00f6zellikli\u00a0 bir i\u015flemdir.\u00d6zellikle erkek hastalarda prostat preblemi varise dikkatle uygulanmal\u0131 ve takip edilmelidir.<\/p>\n<h2 style=\"text-align: center;\">\u0130drar Sondas\u0131 Ne Zaman De\u011fi\u015ftirilmeli?<\/h2>\n<p style=\"text-align: center;\">\u0130drar sondas\u0131 kau\u00e7uk sondalarda k\u0131sa s\u00fcreli kullan\u0131m i\u00e7in \u00fcretilmi\u015f olup y\u00fczeyleri p\u00fcr\u00fczs\u00fcz de\u011fildir ve enfeksiyona son derece a\u00e7\u0131kt\u0131r bu y\u00fczden kau\u00e7uk sondalar en fazla 7 g\u00fcn kullan\u0131lmal\u0131d\u0131r.<\/p>\n<p style=\"text-align: center;\">Silikondan \u00fcretilmi\u015f idrar sondalar\u0131n\u0131n y\u00fczeyleri p\u00fcr\u00fczs\u00fczd\u00fcr ve enfeksiyon riski daha d\u00fc\u015f\u00fckt\u00fcr.<\/p>\n<p style=\"text-align: center;\">Uzun s\u00fcre evde idrar sondas\u0131 kullanmas\u0131 gereken hastalaarda silikon sonda tercih edilmeli ve sonda her 3-4 haftada bir de\u011fi\u015ftirilmelidir.<\/p>\n<p style=\"text-align: center;\">Bizde Elif Sa\u011fl\u0131k Kabini olarak EVDE SONDA takma ve de\u011fi\u015ftirme hizmeti vermekteyiz.<\/p>\n<h2 style=\"text-align: center;\">Evde Sonda Takma<\/h2>\n<p style=\"text-align: center;\">Evde Sonda Takma gerekli steril ko\u015fullar olu\u015fturularak sa\u011fl\u0131k profosyeni taraf\u0131ndan uygulanmal\u0131d\u0131r. Sonda takma i\u015fleminde sonra hasta ve yak\u0131nlar\u0131na sonda takibi ve bak\u0131m\u0131nda dikkat edilmesi gereken hususlar hakk\u0131nda e\u011fitim verilmelidir.<\/p>\n<\/div>\n<\/div>\n<p>[\/vc_column_text][\/vc_column][\/vc_row]<\/p>\n","protected":false},"excerpt":{"rendered":"<p>[vc_row full_width=&#8221;stretch_row&#8221; full_height=&#8221;yes&#8221; css=&#8221;.vc_custom_1663331750881{margin-top: -40px !important;margin-bottom: -40px !important;background-color: #ffffff !important;}&#8221; woodmart_css_id=&#8221;63246d9ea538c&#8221; responsive_spacing=&#8221;eyJwYXJhbV90eXBlIjoid29vZG1hcnRfcmVzcG9uc2l2ZV9zcGFjaW5nIiwic2VsZWN0b3JfaWQiOiI2MzI0NmQ5ZWE1MzhjIiwic2hvcnRjb2RlIjoidmNfcm93IiwiZGF0YSI6eyJ0YWJsZXQiOnt9LCJtb2JpbGUiOnt9fX0=&#8221; mobile_bg_img_hidden=&#8221;no&#8221; tablet_bg_img_hidden=&#8221;no&#8221; woodmart_parallax=&#8221;0&#8243; woodmart_gradient_switch=&#8221;no&#8221; woodmart_box_shadow=&#8221;no&#8221; wd_z_index=&#8221;no&#8221; woodmart_disable_overflow=&#8221;0&#8243; row_reverse_mobile=&#8221;0&#8243;<\/p>\n","protected":false},"author":1,"featured_media":0,"parent":0,"menu_order":0,"comment_status":"closed","ping_status":"closed","template":"","meta":{"footnotes":""},"class_list":["post-7160","page","type-page","status-publish","hentry"],"_links":{"self":[{"href":"https:\/\/inegolelifsaglik.com\/index.php?rest_route=\/wp\/v2\/pages\/7160","targetHints":{"allow":["GET"]}}],"collection":[{"href":"https:\/\/inegolelifsaglik.com\/index.php?rest_route=\/wp\/v2\/pages"}],"about":[{"href":"https:\/\/inegolelifsaglik.com\/index.php?rest_route=\/wp\/v2\/types\/page"}],"author":[{"embeddable":true,"href":"https:\/\/inegolelifsaglik.com\/index.php?rest_route=\/wp\/v2\/users\/1"}],"replies":[{"embeddable":true,"href":"https:\/\/inegolelifsaglik.com\/index.php?rest_route=%2Fwp%2Fv2%2Fcomments&post=7160"}],"version-history":[{"count":1,"href":"https:\/\/inegolelifsaglik.com\/index.php?rest_route=\/wp\/v2\/pages\/7160\/revisions"}],"predecessor-version":[{"id":7161,"href":"https:\/\/inegolelifsaglik.com\/index.php?rest_route=\/wp\/v2\/pages\/7160\/revisions\/7161"}],"wp:attachment":[{"href":"https:\/\/inegolelifsaglik.com\/index.php?rest_route=%2Fwp%2Fv2%2Fmedia&parent=7160"}],"curies":[{"name":"wp","href":"https:\/\/api.w.org\/{rel}","templated":true}]}}