{"id":7164,"date":"2022-09-16T13:23:21","date_gmt":"2022-09-16T13:23:21","guid":{"rendered":"https:\/\/inegolelifsaglik.com\/?page_id=7164"},"modified":"2022-09-16T13:23:21","modified_gmt":"2022-09-16T13:23:21","slug":"kulak-delme-kulak-yikama","status":"publish","type":"page","link":"https:\/\/inegolelifsaglik.com\/?page_id=7164","title":{"rendered":"Kulak Delme -Kulak Y\u0131kama"},"content":{"rendered":"<p>[vc_row full_width=&#8221;stretch_row&#8221; full_height=&#8221;yes&#8221; css=&#8221;.vc_custom_1663331750881{margin-top: -40px !important;margin-bottom: -40px !important;background-color: #ffffff !important;}&#8221; woodmart_css_id=&#8221;63246d9ea538c&#8221; responsive_spacing=&#8221;eyJwYXJhbV90eXBlIjoid29vZG1hcnRfcmVzcG9uc2l2ZV9zcGFjaW5nIiwic2VsZWN0b3JfaWQiOiI2MzI0NmQ5ZWE1MzhjIiwic2hvcnRjb2RlIjoidmNfcm93IiwiZGF0YSI6eyJ0YWJsZXQiOnt9LCJtb2JpbGUiOnt9fX0=&#8221; mobile_bg_img_hidden=&#8221;no&#8221; tablet_bg_img_hidden=&#8221;no&#8221; woodmart_parallax=&#8221;0&#8243; woodmart_gradient_switch=&#8221;no&#8221; woodmart_box_shadow=&#8221;no&#8221; wd_z_index=&#8221;no&#8221; woodmart_disable_overflow=&#8221;0&#8243; row_reverse_mobile=&#8221;0&#8243; row_reverse_tablet=&#8221;0&#8243;][vc_column][vc_column_text woodmart_inline=&#8221;no&#8221; text_larger=&#8221;no&#8221;]<\/p>\n<div class=\"dlab-post-title \">\n<h3 class=\"post-title\" style=\"text-align: center;\">Kulak Delme -Kulak Y\u0131kama<\/h3>\n<\/div>\n<div class=\"dlab-post-text\">\n<p style=\"text-align: center;\">Her iki kulakta da duyma kayb\u0131 ba\u015flad\u0131\u011f\u0131nda, bir kulak di\u011fer kulaktan daha az duydu\u011funda kulaklar a\u011fr\u0131d\u0131\u011f\u0131nda veya t\u0131kal\u0131 oldu\u011funda deneyimli personel taraf\u0131ndan \u00f6n muayene edilip gerekli kulak yumu\u015fat\u0131c\u0131lar\u0131 yeteri kadar kulland\u0131ktan sonra gerekiyorsa kulak steril ve oksijenli su ile y\u0131kanarak tekrar eski temizli\u011fine ve sa\u011fl\u0131\u011f\u0131na kavu\u015fturulur.<\/p>\n<h1 style=\"text-align: center;\"><strong>Kulak ne zaman temizlenmelidir?<\/strong><\/h1>\n<p style=\"text-align: center;\">Kulak kanal\u0131 hi\u00e7 temizlenmese bile, kulak kanal\u0131n\u0131n kendi kendini temizleyebilme \u00f6zelli\u011fi nedeniyle zaman i\u00e7inde kendili\u011finden d\u0131\u015far\u0131 at\u0131l\u0131r. Pamuklu \u00e7ubuk, \u015fi\u015f, k\u00fcrdan vs. ile kulak temizli\u011fi ya da kurcalanmas\u0131 s\u0131ras\u0131nda kula\u011f\u0131n do\u011fal salg\u0131s\u0131n\u0131 derine do\u011fru itilerek kulak kanal\u0131n\u0131n t\u0131kanmas\u0131na sebep olur. Ve bu t\u0131kan\u0131kl\u0131\u011f\u0131 sa\u011flayan t\u0131kaca bu\u015fon denir.<\/p>\n<h1 style=\"text-align: center;\"><strong>T\u0131ka\u00e7lar ne zaman temizlenmeli?<\/strong><\/h1>\n<p style=\"text-align: center;\">Kulak a\u011fr\u0131s\u0131na sebep oluyorsa, dolgunluk ve bas\u0131n\u00e7 hissi yap\u0131yorsa, i\u015fitmede azl\u0131\u011f\u0131 ve\/veya \u00e7\u0131nlamaya neden oluyorsa, ba\u015fka bir nedeni olmayan \u00f6ks\u00fcr\u00fck varsa, kulak t\u0131kac\u0131 d\u00fc\u015f\u00fcn\u00fclebilir.<\/p>\n<h1 style=\"text-align: center;\"><strong>Kulak bir kere temizlendikten sonra s\u00fcrekli temizlenmesi mi gerekir?<\/strong><\/h1>\n<p style=\"text-align: center;\">Kulak kanal\u0131n\u0131n temizlenmesi i\u015fleminin kulakta tekrar etmesi veya kula\u011f\u0131n daha \u00e7abuk kirlenece\u011fi bir durum s\u00f6z konusu de\u011fildir.Kula\u011f\u0131n temizlenme ihtiyac\u0131, altta yatan bir hastal\u0131k veya patalojik bir sebep yok ise tamamen do\u011fal bir s\u00fcre\u00e7te i\u015fleyecektir. Kulak salg\u0131s\u0131 koyu olan ve kulak kanallar\u0131n\u0131n kendi kendini temizleme mekanizmas\u0131 yetersiz olan ki\u015filer, alt\u0131 ayda veya y\u0131lda bir kez kulaklar\u0131n\u0131 temizletmek ihtiyac\u0131 duyarlar.<\/p>\n<\/div>\n<p>[\/vc_column_text][\/vc_column][\/vc_row]<\/p>\n","protected":false},"excerpt":{"rendered":"<p>[vc_row full_width=&#8221;stretch_row&#8221; full_height=&#8221;yes&#8221; css=&#8221;.vc_custom_1663331750881{margin-top: -40px !important;margin-bottom: -40px !important;background-color: #ffffff !important;}&#8221; woodmart_css_id=&#8221;63246d9ea538c&#8221; responsive_spacing=&#8221;eyJwYXJhbV90eXBlIjoid29vZG1hcnRfcmVzcG9uc2l2ZV9zcGFjaW5nIiwic2VsZWN0b3JfaWQiOiI2MzI0NmQ5ZWE1MzhjIiwic2hvcnRjb2RlIjoidmNfcm93IiwiZGF0YSI6eyJ0YWJsZXQiOnt9LCJtb2JpbGUiOnt9fX0=&#8221; mobile_bg_img_hidden=&#8221;no&#8221; tablet_bg_img_hidden=&#8221;no&#8221; woodmart_parallax=&#8221;0&#8243; woodmart_gradient_switch=&#8221;no&#8221; woodmart_box_shadow=&#8221;no&#8221; wd_z_index=&#8221;no&#8221; woodmart_disable_overflow=&#8221;0&#8243; row_reverse_mobile=&#8221;0&#8243;<\/p>\n","protected":false},"author":1,"featured_media":0,"parent":0,"menu_order":0,"comment_status":"closed","ping_status":"closed","template":"","meta":{"footnotes":""},"class_list":["post-7164","page","type-page","status-publish","hentry"],"_links":{"self":[{"href":"https:\/\/inegolelifsaglik.com\/index.php?rest_route=\/wp\/v2\/pages\/7164","targetHints":{"allow":["GET"]}}],"collection":[{"href":"https:\/\/inegolelifsaglik.com\/index.php?rest_route=\/wp\/v2\/pages"}],"about":[{"href":"https:\/\/inegolelifsaglik.com\/index.php?rest_route=\/wp\/v2\/types\/page"}],"author":[{"embeddable":true,"href":"https:\/\/inegolelifsaglik.com\/index.php?rest_route=\/wp\/v2\/users\/1"}],"replies":[{"embeddable":true,"href":"https:\/\/inegolelifsaglik.com\/index.php?rest_route=%2Fwp%2Fv2%2Fcomments&post=7164"}],"version-history":[{"count":1,"href":"https:\/\/inegolelifsaglik.com\/index.php?rest_route=\/wp\/v2\/pages\/7164\/revisions"}],"predecessor-version":[{"id":7165,"href":"https:\/\/inegolelifsaglik.com\/index.php?rest_route=\/wp\/v2\/pages\/7164\/revisions\/7165"}],"wp:attachment":[{"href":"https:\/\/inegolelifsaglik.com\/index.php?rest_route=%2Fwp%2Fv2%2Fmedia&parent=7164"}],"curies":[{"name":"wp","href":"https:\/\/api.w.org\/{rel}","templated":true}]}}